{"id":252703,"date":"2020-05-31T08:57:35","date_gmt":"2020-05-31T06:57:35","guid":{"rendered":"https:\/\/www.lesbridgets.com\/?page_id=252703"},"modified":"2025-05-17T19:58:08","modified_gmt":"2025-05-17T17:58:08","slug":"politique-de-confidentialite","status":"publish","type":"page","link":"https:\/\/www.lesbridgets.com\/index.php\/politique-de-confidentialite","title":{"rendered":"Politique de confidentialit\u00e9"},"content":{"rendered":"<section class=\"elementor-element elementor-element-e43e4cf elementor-section-boxed elementor-section-height-default elementor-section-height-default elementor-section elementor-top-section\" data-id=\"e43e4cf\" data-element_type=\"section\">\n<div class=\"elementor-container elementor-column-gap-default\">\n<div class=\"elementor-row\">\n<div class=\"elementor-element elementor-element-e25cd1b elementor-column elementor-col-100 elementor-top-column\" data-id=\"e25cd1b\" data-element_type=\"column\">\n<div class=\"elementor-column-wrap elementor-element-populated\">\n<div class=\"elementor-widget-wrap\">\n<div class=\"elementor-element elementor-element-789b515 elementor-widget elementor-widget-heading\" data-id=\"789b515\" data-element_type=\"widget\" data-widget_type=\"heading.default\">\n<div class=\"elementor-widget-container\">\n<h2 class=\"elementor-heading-title elementor-size-default\"><strong style=\"font-size: 16px;\"><span data-custom-class=\"subtitle\">Derni\u00e8re mise \u00e0 jour le 31 mai 2020\u00a0<\/span><\/strong><\/h2>\n<\/div>\n<\/div>\n<\/div>\n<\/div>\n<\/div>\n<\/div>\n<\/div>\n<\/section>\n<section class=\"elementor-element elementor-element-65db0905 elementor-section-boxed elementor-section-height-default elementor-section-height-default elementor-section elementor-top-section\" data-id=\"65db0905\" data-element_type=\"section\">\n<div class=\"elementor-container elementor-column-gap-default\">\n<div class=\"elementor-row\">\n<div class=\"elementor-element elementor-element-739d1050 elementor-column elementor-col-100 elementor-top-column\" data-id=\"739d1050\" data-element_type=\"column\">\n<div class=\"elementor-column-wrap elementor-element-populated\">\n<div class=\"elementor-widget-wrap\">\n<div class=\"elementor-element elementor-element-2771053e elementor-widget elementor-widget-text-editor\" data-id=\"2771053e\" data-element_type=\"widget\" data-widget_type=\"text-editor.default\">\n<div class=\"elementor-widget-container\">\n<div class=\"elementor-text-editor elementor-clearfix\">\n<p>Cette politique de confidentialit\u00e9 r\u00e9git la mani\u00e8re dont le site LES BRIDGETS recueille, utilise, conserve et divulgue les informations recueillies aupr\u00e8s des utilisateur.ice.s du site.<\/p>\n<header id=\"gb\" class=\"gb_sa gb_Za gb_Se gb_Dc\" role=\"banner\">\n<p class=\"result-shield-container tlid-copy-target\" tabindex=\"0\"><span class=\"tlid-translation translation\" lang=\"fr\">M\u00e9lanie M\u00e2ge fait affaire sous le nom de LES BRIDGETS (\u00abLes Bridgets\u00bb, \u00abnous\u00bb, \u00abnous\u00bb ou \u00abnotre\u00bb) et s\u2019engage \u00e0 prot\u00e9ger vos informations personnelles et votre droit \u00e0 la vie priv\u00e9e. Si vous avez des questions\u00a0 concernant notre politique ou nos pratiques concernant vos informations personnelles, veuillez nous contacter \u00e0 contact@lesbridgets.com.<\/span><\/p>\n<p class=\"result-shield-container tlid-copy-target\" tabindex=\"0\"><span class=\"tlid-translation translation\" lang=\"fr\">Lorsque vous visitez notre site https:\/\/lesbridgets.com et utilisez nos services, vous nous faites confiance avec vos informations personnelles. Nous prenons votre vie priv\u00e9e tr\u00e8s au s\u00e9rieux. Dans cet avis de confidentialit\u00e9, nous cherchons \u00e0 vous expliquer de la mani\u00e8re la plus claire possible quelles informations nous collectons, comment nous les utilisons et quels sont vos droits en la mati\u00e8re.<\/span><\/p>\n<p>Cette politique de confidentialit\u00e9 s\u2019applique \u00e0 toutes les informations collect\u00e9es via notre site Web (telles que https:\/\/lesbridgets.com), et \/ ou \u00e0 tout service, vente, marketing ou \u00e9v\u00e9nement connexe (nous les appelons collectivement dans cette politique de confidentialit\u00e9 les \u00abSites\u00bb ).<\/p>\n<p>Veuillez lire attentivement cette politique de confidentialit\u00e9 car elle vous aidera \u00e0 prendre des d\u00e9cisions \u00e9clair\u00e9es sur le partage de vos informations personnelles avec nous. En visitant notre site Internet, vous reconnaissez et acceptez les pratiques d\u00e9crites dans la pr\u00e9sente politique relative au respect de la vie priv\u00e9e.<\/p>\n<\/header>\n<h2 id=\"infocollect\"><strong><span data-custom-class=\"heading_1\">1. LES INFORMATIONS COLLECTEES SUR LES BRIDGETS<br \/>\n<\/span><\/strong><\/h2>\n<div class=\"text-wrap tlid-copy-target\">\n<h3 class=\"result-shield-container tlid-copy-target\" tabindex=\"0\"><span class=\"tlid-translation translation\" lang=\"fr\"><strong>Informations personnelles<\/strong><br \/>\n<\/span><\/h3>\n<p>Une simple consultation du site LES BRIDGETS n\u2019entra\u00eene pas d\u2019enregistrement de donn\u00e9es \u00e0 caract\u00e8re personnel. <span class=\"tlid-translation translation\" lang=\"fr\">Nous collectons les informations personnelles que vous nous fournissez volontairement, telles que le pr\u00e9nom et l\u2019adresse e-mail, lorsque vous remplissez un formulaire comme la Newsletter.<\/span><\/p>\n<p>Les sites utilis\u00e9s pour recueillir vos informations personnelles<strong><br \/>\n<\/strong><\/p>\n<ul>\n<li>Mailchimp<\/li>\n<\/ul>\n<p>Il est possible de visiter notre site de fa\u00e7on anonyme, les utilisateur.ice.s peuvent toujours refuser de fournir des informations personnelles d\u2019identification.<\/p>\n<h3><span class=\"tlid-translation translation\" lang=\"fr\">Informations non personnelles<br \/>\n<\/span><\/h3>\n<p><span class=\"tlid-translation translation\" lang=\"fr\">Certaines informations non personnelles \u2013 telles que l\u2019adresse IP et \/ ou les caract\u00e9ristiques du navigateur et de l\u2019appareil \u2013 sont collect\u00e9es automatiquement lorsque vous visitez nos sites.<\/span><\/p>\n<p>Nous collectons automatiquement certaines informations lorsque vous visitez, utilisez ou parcourez les sites. Ces informations ne r\u00e9v\u00e8lent pas votre identit\u00e9 sp\u00e9cifique (comme votre nom ou vos coordonn\u00e9es) mais peuvent inclure des informations sur l\u2019appareil et l\u2019utilisation, telles que votre adresse IP, les caract\u00e9ristiques du navigateur et de l\u2019appareil, le syst\u00e8me d\u2019exploitation, les pr\u00e9f\u00e9rences de langue, les URL de r\u00e9f\u00e9rence, le nom de l\u2019appareil, le pays, l\u2019emplacement , des informations sur comment et quand vous utilisez nos sites et d\u2019autres informations techniques. Ces informations sont principalement n\u00e9cessaires pour maintenir la s\u00e9curit\u00e9 et le fonctionnement de nos sites, ainsi qu\u2019\u00e0 des fins d\u2019analyse interne et de g\u00e9n\u00e9ration de rapports.<\/p>\n<div>\n<h3><span id=\"cookies\"><strong><span data-custom-class=\"heading_1\">Utilisation des cookies<br \/>\n<\/span><\/strong><\/span><\/h3>\n<p><span class=\"tlid-translation translation\" lang=\"fr\"><span title=\"\">Notre site peut utiliser des \u00abcookies\u00bb pour am\u00e9liorer l\u2019exp\u00e9rience utilisateur.ice. Les cookies sont de petits fichiers texte utilis\u00e9s pour stocker de petites informations.<\/span>\u00a0Ils<span class=\"\" title=\"\">\u00a0sont stock\u00e9s sur votre appareil lorsque le site\u00a0 est charg\u00e9 sur votre navigateur,\u00a0<\/span><\/span>\u00e0 des fins d\u2019archivage et parfois pour suivre les informations \u00e0 leur sujet.<\/p>\n<\/div>\n<p>L\u2019utilisateur.ice peut choisir de configurer son navigateur pour refuser les cookies, ou pour \u00eatre alert\u00e9.e lorsque des cookies sont envoy\u00e9s.<\/p>\n<p>Vous pouvez \u00e9galement vous opposer \u00e0 l\u2019enregistrement de \u00ab cookies \u00bb en configurant votre navigateur de la mani\u00e8re suivante :<\/p>\n<p>Pour Internet Explorer,\u00a0<a href=\"http:\/\/support.microsoft.com\/kb\/278835\/fr\" target=\"_blank\" rel=\"nofollow noopener noreferrer\">cliquez ici pour connaitre la proc\u00e9dure \u00e0 suivre\u00a0<\/a><br \/>\nPour Mozilla Firefox,\u00a0cliquez ici pour connaitre la proc\u00e9dure \u00e0 suivre<br \/>\nPour Google Chrome,\u00a0<a href=\"http:\/\/www.google.com\/support\/chrome\/bin\/answer.py?hl=fr&amp;answer=95647\" target=\"_blank\" rel=\"noopener noreferrer nofollow\">cliquez ici pour connaitre la proc\u00e9dure \u00e0 suivre\u00a0<\/a><br \/>\nPour Safari,\u00a0<a href=\"http:\/\/support.apple.com\/kb\/HT1677?viewlocale=fr_FR&amp;locale=fr_FR\" target=\"_blank\" rel=\"noopener noreferrer nofollow\">cliquez ici pour connaitre la proc\u00e9dure \u00e0 suivre<\/a><\/p>\n<\/div>\n<div class=\"tlid-result-transliteration-container result-transliteration-container transliteration-container\">\n<div class=\"tlid-transliteration-content transliteration-content full\"><\/div>\n<\/div>\n<h2 id=\"infouse\"><strong><span data-custom-class=\"heading_1\">2. UTILISATION DES DONN\u00c9ES PERSONNELLES<\/span><\/strong><\/h2>\n<h3 class=\"result-shield-container tlid-copy-target\" tabindex=\"0\"><span class=\"tlid-translation translation\" lang=\"fr\">Communication<\/span><\/h3>\n<p class=\"result-shield-container tlid-copy-target\" tabindex=\"0\"><span class=\"tlid-translation translation\" lang=\"fr\">Nous utilisons les informations personnelles que nous collectons ou recevons sur LES BRIDGETS pour :<br \/>\n<\/span><\/p>\n<ul>\n<li>Ex\u00e9cuter une fonction du site : lancement d\u2019un produit, promotion, concours, sondage ou autre;<\/li>\n<li>Envoyer des newsletters, des produits num\u00e9riques gratuits ou payants (e-books, etc.),<\/li>\n<li>Vous tenir inform\u00e9.e.s de l\u2019organisation d\u2019un \u00e9v\u00e9nement, d\u2019un live ou d\u2019un webinaire,<\/li>\n<li>R\u00e9pondre \u00e0 vos demandes ou questions.<\/li>\n<\/ul>\n<h3>Commentaires<\/h3>\n<p>Si vous d\u00e9posez un commentaire sur notre site, il vous sera propos\u00e9 d\u2019enregistrer votre nom, adresse de messagerie et site web dans des cookies. C\u2019est uniquement pour votre confort afin de ne pas avoir \u00e0 saisir ces informations si vous d\u00e9posez un autre commentaire plus tard. Ces cookies expirent au bout d\u2019un an.<\/p>\n<p>Quand vous laissez un commentaire sur notre site web, les donn\u00e9es inscrites dans le formulaire de commentaire, mais aussi votre adresse IP et l\u2019agent utilisateur de votre navigateur sont collect\u00e9s pour nous aider \u00e0 la d\u00e9tection des commentaires ind\u00e9sirables.<\/p>\n<p>Une cha\u00eene anonymis\u00e9e cr\u00e9\u00e9e \u00e0 partir de votre adresse de messagerie (\u00e9galement appel\u00e9e hash) peut \u00eatre envoy\u00e9e au service Gravatar pour v\u00e9rifier si vous utilisez ce dernier. Les clauses de confidentialit\u00e9 du service Gravatar sont disponibles ici\u00a0: https:\/\/automattic.com\/privacy\/. Apr\u00e8s validation de votre commentaire, votre photo de profil sera visible publiquement \u00e0 cot\u00e9 de votre commentaire.<\/p>\n<h2><\/h2>\n<h2><strong><span data-custom-class=\"heading_1\">3. PARTAGE DES INFORMATIONS<\/span><\/strong><\/h2>\n<h3 data-custom-class=\"body\">Informations personnelles<\/h3>\n<p data-custom-class=\"body\"><span class=\"tlid-translation translation\" lang=\"fr\">Nous ne vendons ni louons les informations d\u2019identification personnelles des utilisateur.ice.s \u00e0 des tiers.<\/span><\/p>\n<p data-custom-class=\"body\"><span class=\"tlid-translation translation\" lang=\"fr\">Nous ne partageons des informations qu\u2019avec votre consentement, pour nous conformer aux lois et prot\u00e9ger vos droits.<br \/>\n<\/span><\/p>\n<p data-custom-class=\"body\"><span class=\"tlid-translation translation\" lang=\"fr\">Les utilisateur.ice.s peuvent trouver des liens ou contenus sur notre site qui pointent vers les sites et services de nos partenaires, annonceurs, sponsors, et d\u2019autres tiers. Nous ne contr\u00f4lons pas le contenu ou les liens qui apparaissent sur ces sites, et nous ne sommes pas responsables des pratiques employ\u00e9es par ces sites Web. Ces sites et services peuvent avoir leurs propres politiques de confidentialit\u00e9.<br \/>\n<\/span><\/p>\n<h3 data-custom-class=\"body\"><span class=\"tlid-translation translation\" lang=\"fr\">Informations non personnelles<\/span><\/h3>\n<p data-custom-class=\"body\"><span class=\"tlid-translation translation\" lang=\"fr\">Nous ne partageons les informations non personnelles qu\u2019avec les tiers des p<\/span><strong>rogrammes d\u2019affiliation.<\/strong><\/p>\n<p>Ce site contient des liens d\u2019affiliation : des liens vers un service tiers que nous recommandons et \u00e0 travers lequel nous touchons une commission si vous achetez un produit ou service. Les cookies de votre navigateur permettent de suivre ces liens et d\u2019identifier le site LES BRIDGETS en tant que r\u00e9f\u00e9rent.<\/p>\n<p><strong>Analyse de Site Internet<\/strong><\/p>\n<ul>\n<li><span data-custom-class=\"body_text\">Google Analytics<\/span><\/li>\n<\/ul>\n<div>\n<div>\n<div>\n<div>\n<div>\n<div>\n<div>\n<div>\n<div>\n<div>\n<div>\n<div>\n<div>\n<div>\n<p>Ce site Internet utilise Google Analytics, un service d\u2019analyse Internet de Google Inc. (\u00ab Google \u00bb). Google Analytics utilise des cookies qui capturent l\u2019information (y compris votre adresse IP), qui est envoy\u00e9e \u00e0 un serveur Google, lequel peut \u00eatre situ\u00e9 en dehors de l\u2019Espace \u00e9conomique europ\u00e9en, pour y \u00eatre conserv\u00e9e. Google utilisera ces informations afin d\u2019\u00e9valuer votre utilisation du site Internet pour compiler pour nous les rapports d\u2019activit\u00e9s sur les sites Internet. Google peut \u00e9galement transmettre ces informations \u00e0 des tiers, en cas d\u2019obligation l\u00e9gale ou si ces tiers doivent transformer ces donn\u00e9es sur instruction de Google. En aucun cas Google n\u2019associera votre adresse IP \u00e0 d\u2019autres donn\u00e9es de Google.<br \/>\nVeuillez consulter les\u00a0<a href=\"https:\/\/www.google.com\/policies\/terms\/\" target=\"_blank\" rel=\"noopener noreferrer nofollow\">conditions d\u2019utilisation de Google<\/a>.<br \/>\nVeuillez prendre connaissance des\u00a0<a href=\"https:\/\/www.google.com\/policies\/privacy\/\" target=\"_blank\" rel=\"noopener noreferrer nofollow\">r\u00e8gles de confidentialit\u00e9 de Google<\/a>.<br \/>\nVous pouvez \u00e0 tout moment vous opposer \u00e0 la collecte de donn\u00e9es et \u00e0 leur conservation. Pour en savoir plus sur cette option, veuillez cliquer\u00a0<a href=\"https:\/\/tools.google.com\/dlpage\/gaoptout?hl=fr\" target=\"_blank\" rel=\"nofollow noopener noreferrer\">ici<\/a>.<\/p>\n<\/div>\n<\/div>\n<div>\n<h2 id=\"inforetain\"><strong><span data-custom-class=\"heading_1\">4. CONSERVATION ET SECURITE DES INFORMATIONS<\/span><\/strong><\/h2>\n<div class=\"text-wrap tlid-copy-target\">\n<h3 tabindex=\"0\">Conservation de vos informations<\/h3>\n<p tabindex=\"0\">Le site LES BRIDGETS ne conserve les donn\u00e9es \u00e0 caract\u00e8re personnel que pendant le d\u00e9lai n\u00e9cessaire aux fins pour lesquelles elles ont \u00e9t\u00e9 collect\u00e9es. <span class=\"tlid-translation translation\" lang=\"fr\"><span title=\"\">Aucun objectif de cette politique ne nous obligera \u00e0 conserver vos informations personnelles pendant plus de 2 ans.<\/span><\/span><\/p>\n<\/div>\n<\/div>\n<h3>S\u00e9curit\u00e9<\/h3>\n<p>Nous utilisons des techniques de conservation de donn\u00e9es et de s\u00e9curit\u00e9 afin de prot\u00e9ger vos donn\u00e9es \u00e0 caract\u00e8re personnel de tout acc\u00e8s non autoris\u00e9, utilisation ou divulgation inadapt\u00e9e, modification non autoris\u00e9e, destruction ill\u00e9gale ou perte accidentelle. Cependant, nous rappelons qu\u2019aucun site Internet ne peut \u00eatre 100 % s\u00fbr, et nous ne sommes pas responsables de tout acc\u00e8s non autoris\u00e9 ou non intentionnel \u00e9chappant \u00e0 notre contr\u00f4le.\u00a0<span class=\"tlid-translation translation\" lang=\"fr\"><span title=\"\">Vous ne devez acc\u00e9der aux services que dans un environnement s\u00e9curis\u00e9.<\/span><\/span><\/p>\n<div>\n<div class=\"source-wrap\">\n<div class=\"input-full-height-wrapper tlid-input-full-height-wrapper\">\n<div class=\"source-input\">\n<h3>Informatique, fichiers et libert\u00e9s<\/h3>\n<p>L\u2019utilisateur.ice est notamment inform\u00e9 que, conform\u00e9ment \u00e0 l\u2019article 27 de la loi n\u00b078-17 du 6 janvier 1978 de la Commission Nationale Informatique et Libert\u00e9s (CNIL), relative \u00e0 l\u2019informatique, aux fichiers et aux libert\u00e9s, il b\u00e9n\u00e9ficie d\u2019un droit individuel d\u2019acc\u00e8s, de rectification et de suppression des informations personnelles le concernant. Ce droit peut \u00eatre exerc\u00e9 par courrier \u00e9lectronique \u00e0 l\u2019adresse suivante : contact@lesbridgets.com.<\/p>\n<p>Vous pouvez \u00e9galement vous d\u00e9sabonner \u00e0 tout moment des mails de LES BRIDGETS en cliquant sur le lien \u201cUnsubscribe\u201d, pr\u00e9sent dans chaque mail envoy\u00e9.<\/p>\n<\/div>\n<\/div>\n<\/div>\n<p id=\"contact\"><strong><span data-custom-class=\"heading_1\">5. CONTACT<\/span><\/strong><\/p>\n<div class=\"text-wrap tlid-copy-target\">\n<div class=\"result-shield-container tlid-copy-target\" tabindex=\"0\"><span class=\"tlid-translation translation\" lang=\"fr\"><span class=\"trans-target-highlight trans-target\" title=\"\">Si vous avez des questions ou des commentaires sur cette politique, vous pouvez nous contacter par email \u00e0 contact@lesbridgets.com<\/span><\/span><\/div>\n<\/div>\n<\/div>\n<\/div>\n<\/div>\n<\/div>\n<\/div>\n<\/div>\n<\/div>\n<\/div>\n<\/div>\n<\/div>\n<\/div>\n<\/div>\n<\/div>\n<\/div>\n<\/div>\n<\/div>\n<\/div>\n<\/div>\n<\/div>\n<\/div>\n<\/div>\n<\/section>\n","protected":false},"excerpt":{"rendered":"<p>Derni\u00e8re mise \u00e0 jour le 31 mai 2020\u00a0 Cette politique de confidentialit\u00e9 r\u00e9git la mani\u00e8re dont le site LES BRIDGETS recueille, utilise, conserve et divulgue&hellip; <\/p>\n","protected":false},"author":2,"featured_media":0,"parent":0,"menu_order":0,"comment_status":"closed","ping_status":"closed","template":"","meta":{"_bbp_topic_count":0,"_bbp_reply_count":0,"_bbp_total_topic_count":0,"_bbp_total_reply_count":0,"_bbp_voice_count":0,"_bbp_anonymous_reply_count":0,"_bbp_topic_count_hidden":0,"_bbp_reply_count_hidden":0,"_bbp_forum_subforum_count":0,"om_disable_all_campaigns":false,"_lmt_disableupdate":"no","_lmt_disable":"","_monsterinsights_skip_tracking":false,"_monsterinsights_sitenote_active":false,"_monsterinsights_sitenote_note":"","_monsterinsights_sitenote_category":0,"_uf_show_specific_survey":0,"_uf_disable_surveys":false,"footnotes":""},"class_list":["post-252703","page","type-page","status-publish","hentry"],"yoast_head":"<!-- This site is optimized with the Yoast SEO plugin v27.3 - https:\/\/yoast.com\/product\/yoast-seo-wordpress\/ -->\n<title>Politique de confidentialit\u00e9 - Les Bridgets<\/title>\n<meta name=\"robots\" content=\"noindex, follow\" \/>\n<meta property=\"og:locale\" content=\"fr_FR\" \/>\n<meta property=\"og:type\" content=\"article\" \/>\n<meta property=\"og:title\" content=\"Politique de confidentialit\u00e9 - Les Bridgets\" \/>\n<meta property=\"og:description\" content=\"Derni\u00e8re mise \u00e0 jour le 31 mai 2020\u00a0 Cette politique de confidentialit\u00e9 r\u00e9git la mani\u00e8re dont le site LES BRIDGETS recueille, utilise, conserve et divulgue&hellip;\" \/>\n<meta property=\"og:url\" content=\"https:\/\/www.lesbridgets.com\/index.php\/politique-de-confidentialite\" \/>\n<meta property=\"og:site_name\" content=\"Les Bridgets\" \/>\n<meta property=\"article:publisher\" content=\"https:\/\/www.facebook.com\/Les.Bridgets\" \/>\n<meta property=\"article:modified_time\" content=\"2025-05-17T17:58:08+00:00\" \/>\n<meta name=\"twitter:card\" content=\"summary_large_image\" \/>\n<meta name=\"twitter:site\" content=\"@les_bridgets\" \/>\n<meta name=\"twitter:label1\" content=\"Dur\u00e9e de lecture estim\u00e9e\" \/>\n\t<meta name=\"twitter:data1\" content=\"7 minutes\" \/>\n<script type=\"application\/ld+json\" class=\"yoast-schema-graph\">{\"@context\":\"https:\\\/\\\/schema.org\",\"@graph\":[{\"@type\":\"WebPage\",\"@id\":\"https:\\\/\\\/www.lesbridgets.com\\\/index.php\\\/politique-de-confidentialite\",\"url\":\"https:\\\/\\\/www.lesbridgets.com\\\/index.php\\\/politique-de-confidentialite\",\"name\":\"Politique de confidentialit\u00e9 - Les Bridgets\",\"isPartOf\":{\"@id\":\"https:\\\/\\\/www.lesbridgets.com\\\/#website\"},\"datePublished\":\"2020-05-31T06:57:35+00:00\",\"dateModified\":\"2025-05-17T17:58:08+00:00\",\"breadcrumb\":{\"@id\":\"https:\\\/\\\/www.lesbridgets.com\\\/index.php\\\/politique-de-confidentialite#breadcrumb\"},\"inLanguage\":\"fr-FR\",\"potentialAction\":[{\"@type\":\"ReadAction\",\"target\":[\"https:\\\/\\\/www.lesbridgets.com\\\/index.php\\\/politique-de-confidentialite\"]}]},{\"@type\":\"BreadcrumbList\",\"@id\":\"https:\\\/\\\/www.lesbridgets.com\\\/index.php\\\/politique-de-confidentialite#breadcrumb\",\"itemListElement\":[{\"@type\":\"ListItem\",\"position\":1,\"name\":\"Les Bridgets\",\"item\":\"https:\\\/\\\/www.lesbridgets.com\\\/\"},{\"@type\":\"ListItem\",\"position\":2,\"name\":\"Politique de confidentialit\u00e9\"}]},{\"@type\":\"WebSite\",\"@id\":\"https:\\\/\\\/www.lesbridgets.com\\\/#website\",\"url\":\"https:\\\/\\\/www.lesbridgets.com\\\/\",\"name\":\"Les Bridgets\",\"description\":\"R\u00e9f\u00e9rences et r\u00e9flexions sur nos relations\",\"publisher\":{\"@id\":\"https:\\\/\\\/www.lesbridgets.com\\\/#organization\"},\"potentialAction\":[{\"@type\":\"SearchAction\",\"target\":{\"@type\":\"EntryPoint\",\"urlTemplate\":\"https:\\\/\\\/www.lesbridgets.com\\\/?s={search_term_string}\"},\"query-input\":{\"@type\":\"PropertyValueSpecification\",\"valueRequired\":true,\"valueName\":\"search_term_string\"}}],\"inLanguage\":\"fr-FR\"},{\"@type\":\"Organization\",\"@id\":\"https:\\\/\\\/www.lesbridgets.com\\\/#organization\",\"name\":\"Les Bridgets\",\"url\":\"https:\\\/\\\/www.lesbridgets.com\\\/\",\"logo\":{\"@type\":\"ImageObject\",\"inLanguage\":\"fr-FR\",\"@id\":\"https:\\\/\\\/www.lesbridgets.com\\\/#\\\/schema\\\/logo\\\/image\\\/\",\"url\":\"https:\\\/\\\/www.lesbridgets.com\\\/wp-content\\\/uploads\\\/2022\\\/07\\\/cropped-logo-3-lesbridgets.png\",\"contentUrl\":\"https:\\\/\\\/www.lesbridgets.com\\\/wp-content\\\/uploads\\\/2022\\\/07\\\/cropped-logo-3-lesbridgets.png\",\"width\":251,\"height\":59,\"caption\":\"Les Bridgets\"},\"image\":{\"@id\":\"https:\\\/\\\/www.lesbridgets.com\\\/#\\\/schema\\\/logo\\\/image\\\/\"},\"sameAs\":[\"https:\\\/\\\/www.facebook.com\\\/Les.Bridgets\",\"https:\\\/\\\/x.com\\\/les_bridgets\"]}]}<\/script>\n<!-- \/ Yoast SEO plugin. -->","yoast_head_json":{"title":"Politique de confidentialit\u00e9 - Les Bridgets","robots":{"index":"noindex","follow":"follow"},"og_locale":"fr_FR","og_type":"article","og_title":"Politique de confidentialit\u00e9 - Les Bridgets","og_description":"Derni\u00e8re mise \u00e0 jour le 31 mai 2020\u00a0 Cette politique de confidentialit\u00e9 r\u00e9git la mani\u00e8re dont le site LES BRIDGETS recueille, utilise, conserve et divulgue&hellip;","og_url":"https:\/\/www.lesbridgets.com\/index.php\/politique-de-confidentialite","og_site_name":"Les Bridgets","article_publisher":"https:\/\/www.facebook.com\/Les.Bridgets","article_modified_time":"2025-05-17T17:58:08+00:00","twitter_card":"summary_large_image","twitter_site":"@les_bridgets","twitter_misc":{"Dur\u00e9e de lecture estim\u00e9e":"7 minutes"},"schema":{"@context":"https:\/\/schema.org","@graph":[{"@type":"WebPage","@id":"https:\/\/www.lesbridgets.com\/index.php\/politique-de-confidentialite","url":"https:\/\/www.lesbridgets.com\/index.php\/politique-de-confidentialite","name":"Politique de confidentialit\u00e9 - Les Bridgets","isPartOf":{"@id":"https:\/\/www.lesbridgets.com\/#website"},"datePublished":"2020-05-31T06:57:35+00:00","dateModified":"2025-05-17T17:58:08+00:00","breadcrumb":{"@id":"https:\/\/www.lesbridgets.com\/index.php\/politique-de-confidentialite#breadcrumb"},"inLanguage":"fr-FR","potentialAction":[{"@type":"ReadAction","target":["https:\/\/www.lesbridgets.com\/index.php\/politique-de-confidentialite"]}]},{"@type":"BreadcrumbList","@id":"https:\/\/www.lesbridgets.com\/index.php\/politique-de-confidentialite#breadcrumb","itemListElement":[{"@type":"ListItem","position":1,"name":"Les Bridgets","item":"https:\/\/www.lesbridgets.com\/"},{"@type":"ListItem","position":2,"name":"Politique de confidentialit\u00e9"}]},{"@type":"WebSite","@id":"https:\/\/www.lesbridgets.com\/#website","url":"https:\/\/www.lesbridgets.com\/","name":"Les Bridgets","description":"R\u00e9f\u00e9rences et r\u00e9flexions sur nos relations","publisher":{"@id":"https:\/\/www.lesbridgets.com\/#organization"},"potentialAction":[{"@type":"SearchAction","target":{"@type":"EntryPoint","urlTemplate":"https:\/\/www.lesbridgets.com\/?s={search_term_string}"},"query-input":{"@type":"PropertyValueSpecification","valueRequired":true,"valueName":"search_term_string"}}],"inLanguage":"fr-FR"},{"@type":"Organization","@id":"https:\/\/www.lesbridgets.com\/#organization","name":"Les Bridgets","url":"https:\/\/www.lesbridgets.com\/","logo":{"@type":"ImageObject","inLanguage":"fr-FR","@id":"https:\/\/www.lesbridgets.com\/#\/schema\/logo\/image\/","url":"https:\/\/www.lesbridgets.com\/wp-content\/uploads\/2022\/07\/cropped-logo-3-lesbridgets.png","contentUrl":"https:\/\/www.lesbridgets.com\/wp-content\/uploads\/2022\/07\/cropped-logo-3-lesbridgets.png","width":251,"height":59,"caption":"Les Bridgets"},"image":{"@id":"https:\/\/www.lesbridgets.com\/#\/schema\/logo\/image\/"},"sameAs":["https:\/\/www.facebook.com\/Les.Bridgets","https:\/\/x.com\/les_bridgets"]}]}},"_links":{"self":[{"href":"https:\/\/www.lesbridgets.com\/index.php\/wp-json\/wp\/v2\/pages\/252703","targetHints":{"allow":["GET"]}}],"collection":[{"href":"https:\/\/www.lesbridgets.com\/index.php\/wp-json\/wp\/v2\/pages"}],"about":[{"href":"https:\/\/www.lesbridgets.com\/index.php\/wp-json\/wp\/v2\/types\/page"}],"author":[{"embeddable":true,"href":"https:\/\/www.lesbridgets.com\/index.php\/wp-json\/wp\/v2\/users\/2"}],"replies":[{"embeddable":true,"href":"https:\/\/www.lesbridgets.com\/index.php\/wp-json\/wp\/v2\/comments?post=252703"}],"version-history":[{"count":3,"href":"https:\/\/www.lesbridgets.com\/index.php\/wp-json\/wp\/v2\/pages\/252703\/revisions"}],"predecessor-version":[{"id":258203,"href":"https:\/\/www.lesbridgets.com\/index.php\/wp-json\/wp\/v2\/pages\/252703\/revisions\/258203"}],"wp:attachment":[{"href":"https:\/\/www.lesbridgets.com\/index.php\/wp-json\/wp\/v2\/media?parent=252703"}],"curies":[{"name":"wp","href":"https:\/\/api.w.org\/{rel}","templated":true}]}}