{"id":249357,"date":"2019-11-22T14:49:38","date_gmt":"2019-11-22T13:49:38","guid":{"rendered":"https:\/\/www.lesbridgets.com\/?page_id=249357"},"modified":"2023-11-27T12:24:35","modified_gmt":"2023-11-27T11:24:35","slug":"code-promo-reductions-et-promotions-pour-des-marques-que-nous-aimons","status":"publish","type":"page","link":"https:\/\/www.lesbridgets.com\/index.php\/code-promo-reductions-et-promotions-pour-des-marques-que-nous-aimons","title":{"rendered":"Code promo &#8211; r\u00e9ductions et promotions"},"content":{"rendered":"<p>Quand nous aimons des marques, nous vous les partageons et essayons d&rsquo;avoir un code de promo. Parfois ce sont des r\u00e9ductions sur des premi\u00e8res commandes avec entre autres des liens de parrainages pour que puissiez vous faire votre avis et les adopter vous aussi.<\/p>\n<h3>Voici ci-dessous la liste de nos diff\u00e9rents codes promo avec les liens vers nos avis d\u00e9taill\u00e9s dans des articles d\u00e9di\u00e9s :<\/h3>\n<h2>1. MINA STORM<\/h2>\n<p>La marque parfaite pour des <a href=\"https:\/\/minastorm.com\/fr\/11-brassieres\" target=\"_blank\" rel=\"nofollow noopener noreferrer\">brassi\u00e8res en coton confortable : Mina Storm<\/a>. Compl\u00e8tement conquise par notre test (<a href=\"https:\/\/www.lesbridgets.com\/index.php\/nouveaute\/shopping\/avis-mina-storm-brassieres-en-coton-et-confortables-pour-poitrine-xl.html\" target=\"_blank\" rel=\"nofollow noopener noreferrer\">\u00e0 lire ici<\/a>).&nbsp;<br \/>\nAvec le code promo LESBRIDGETS10 moins 10% sur votre premi\u00e8re commande.<\/p>\n<p style=\"text-align: center;\"><a class=\"fasc-button fasc-size-medium fasc-type-flat fasc-ico-before dashicons-admin-links\" style=\"background-color: #ed053b; color: #ffffff;\" target=\"_blank\" rel=\"nofollow noopener noreferrer\" href=\"https:\/\/minastorm.com\/fr\/11-brassieres\">Profiter du code promo Mina Storm<\/a><\/p>\n<p><a href=\"https:\/\/minastorm.com\/fr\/11-brassieres\" target=\"_blank\" rel=\"nofollow noopener noreferrer\"><img loading=\"lazy\" decoding=\"async\" class=\"aligncenter wp-image-251160 size-full\" src=\"https:\/\/www.lesbridgets.com\/wp-content\/uploads\/2020\/01\/code-promo-mina-storm.png\" alt=\"Code promo Mina Storm Brassi\u00e8re en coton\" width=\"735\" height=\"1102\" srcset=\"https:\/\/www.lesbridgets.com\/wp-content\/uploads\/2020\/01\/code-promo-mina-storm.png 735w, https:\/\/www.lesbridgets.com\/wp-content\/uploads\/2020\/01\/code-promo-mina-storm-200x300.png 200w, https:\/\/www.lesbridgets.com\/wp-content\/uploads\/2020\/01\/code-promo-mina-storm-683x1024.png 683w, https:\/\/www.lesbridgets.com\/wp-content\/uploads\/2020\/01\/code-promo-mina-storm-400x600.png 400w\" sizes=\"auto, (max-width: 735px) 100vw, 735px\" \/><\/a><\/p>\n<h2>2. Mieux que des fleurs<\/h2>\n<p>Faites livrer des ballons originaux gr\u00e2ce \u00e0 l&rsquo;entreprise fran\u00e7aise Mieux que des fleurs&nbsp;<\/p>\n<p><img loading=\"lazy\" decoding=\"async\" class=\"alignnone wp-image-248926 size-full aligncenter\" src=\"https:\/\/www.lesbridgets.com\/wp-content\/uploads\/2019\/02\/mieux-que-des-fleurs-balloon-2-coeurs-rouge-box-2-ballons-coeurs.png\" alt=\"\" width=\"600\" height=\"600\" srcset=\"https:\/\/www.lesbridgets.com\/wp-content\/uploads\/2019\/02\/mieux-que-des-fleurs-balloon-2-coeurs-rouge-box-2-ballons-coeurs.png 600w, https:\/\/www.lesbridgets.com\/wp-content\/uploads\/2019\/02\/mieux-que-des-fleurs-balloon-2-coeurs-rouge-box-2-ballons-coeurs-150x150.png 150w, https:\/\/www.lesbridgets.com\/wp-content\/uploads\/2019\/02\/mieux-que-des-fleurs-balloon-2-coeurs-rouge-box-2-ballons-coeurs-300x300.png 300w\" sizes=\"auto, (max-width: 600px) 100vw, 600px\" \/><\/p>\n<p style=\"text-align: center;\">Code promo de -10% valable sur l&rsquo;int\u00e9gralit\u00e9 du site : <b>LESBRIDGETS<\/b><\/p>\n<p style=\"text-align: center;\"><a class=\"fasc-button fasc-size-medium fasc-type-flat fasc-ico-before dashicons-admin-links\" style=\"background-color: #e30d46; color: #ffffff;\" target=\"_blank\" rel=\"nofollow noopener noreferrer\" href=\"https:\/\/mieuxquedesfleurs.com\/#ae250\">Utiliser le code promo<\/a><\/p>\n<p>&nbsp;<\/p>\n<h2>3. SISTERS REPUBLIC<\/h2>\n<p>Marque fran\u00e7aise de culottes menstruelles fabriqu\u00e9es en Turquie vous avez &#8211; 15% avec le code LESBRIDGETS15<\/p>\n<p><img loading=\"lazy\" decoding=\"async\" class=\"alignnone wp-image-253993 size-full aligncenter\" src=\"https:\/\/www.lesbridgets.com\/wp-content\/uploads\/2020\/09\/code-promo-SISTERS-REPUBLIC-culotte.jpg\" alt=\"code promo sisters republic\" width=\"800\" height=\"524\" srcset=\"https:\/\/www.lesbridgets.com\/wp-content\/uploads\/2020\/09\/code-promo-SISTERS-REPUBLIC-culotte.jpg 800w, https:\/\/www.lesbridgets.com\/wp-content\/uploads\/2020\/09\/code-promo-SISTERS-REPUBLIC-culotte-300x197.jpg 300w, https:\/\/www.lesbridgets.com\/wp-content\/uploads\/2020\/09\/code-promo-SISTERS-REPUBLIC-culotte-768x503.jpg 768w\" sizes=\"auto, (max-width: 800px) 100vw, 800px\" \/><\/p>\n<p style=\"text-align: center;\"><a class=\"fasc-button fasc-size-medium fasc-type-flat fasc-ico-before dashicons-admin-links\" style=\"background-color: #f2096e; color: #ffffff;\" target=\"_blank\" rel=\"nofollow noopener noreferrer\" href=\"https:\/\/www.sistersrepublic.com\/\">Acheter une culotte<\/a><\/p>\n<h2>4. DREAMACT<\/h2>\n<p>Boutique parfaite pour faire des cadeaux \u00e9thiques et z\u00e9ro d\u00e9chet, avec le code DreamBridgets vous avez -5% sur votre commande.<\/p>\n<p><a href=\"https:\/\/dreamact.eu\/#ae24\" target=\"_blank\" rel=\"nofollow noopener noreferrer\"><img loading=\"lazy\" decoding=\"async\" class=\"alignnone wp-image-253992 size-full aligncenter\" src=\"https:\/\/www.lesbridgets.com\/wp-content\/uploads\/2020\/09\/code-promo-dreamact.jpg\" alt=\"code promo dreamact\" width=\"800\" height=\"524\" srcset=\"https:\/\/www.lesbridgets.com\/wp-content\/uploads\/2020\/09\/code-promo-dreamact.jpg 800w, https:\/\/www.lesbridgets.com\/wp-content\/uploads\/2020\/09\/code-promo-dreamact-300x197.jpg 300w, https:\/\/www.lesbridgets.com\/wp-content\/uploads\/2020\/09\/code-promo-dreamact-768x503.jpg 768w\" sizes=\"auto, (max-width: 800px) 100vw, 800px\" \/><\/a><\/p>\n<p style=\"text-align: center;\"><a class=\"fasc-button fasc-size-medium fasc-type-flat fasc-ico-before dashicons-admin-links\" style=\"background-color: #eb0c47; color: #ffffff;\" target=\"_blank\" rel=\"nofollow noopener noreferrer\" href=\"https:\/\/dreamact.eu\/#ae24\">Commander sur Dreamact<\/a><\/p>\n<p style=\"text-align: center;\">&nbsp;<\/p>\n<p>&nbsp;<\/p>\n<h2>5. PORNO FEMINISTE ERIKA LUST<\/h2>\n<p>Quitte \u00e0 regarder du porno autant que ce soit \u00e9thique. La c\u00e9l\u00e8bre plateforme de porno f\u00e9ministe Erika Lust vous propose 35% de r\u00e9duction sur votre abonnement sans engagement en passant par ce lien.<\/p>\n<p style=\"text-align: center;\">Profiter de l&rsquo;offre<\/p>\n<p><img loading=\"lazy\" decoding=\"async\" class=\"aligncenter wp-image-251043 size-full\" src=\"https:\/\/www.lesbridgets.com\/wp-content\/uploads\/2020\/01\/code-promo-porno-erika-lust.png\" alt=\"code promo porno f\u00e9ministe erika lust\" width=\"800\" height=\"443\" srcset=\"https:\/\/www.lesbridgets.com\/wp-content\/uploads\/2020\/01\/code-promo-porno-erika-lust.png 800w, https:\/\/www.lesbridgets.com\/wp-content\/uploads\/2020\/01\/code-promo-porno-erika-lust-300x166.png 300w, https:\/\/www.lesbridgets.com\/wp-content\/uploads\/2020\/01\/code-promo-porno-erika-lust-768x425.png 768w\" sizes=\"auto, (max-width: 800px) 100vw, 800px\" \/><\/p>\n<p>&nbsp;<\/p>\n","protected":false},"excerpt":{"rendered":"<p>Quand nous aimons des marques, nous vous les partageons et essayons d&rsquo;avoir un code de promo. Parfois ce sont des r\u00e9ductions sur des premi\u00e8res commandes&hellip; <\/p>\n","protected":false},"author":2,"featured_media":0,"parent":0,"menu_order":0,"comment_status":"closed","ping_status":"closed","template":"","meta":{"_bbp_topic_count":0,"_bbp_reply_count":0,"_bbp_total_topic_count":0,"_bbp_total_reply_count":0,"_bbp_voice_count":0,"_bbp_anonymous_reply_count":0,"_bbp_topic_count_hidden":0,"_bbp_reply_count_hidden":0,"_bbp_forum_subforum_count":0,"om_disable_all_campaigns":false,"_lmt_disableupdate":"no","_lmt_disable":"","_monsterinsights_skip_tracking":false,"_monsterinsights_sitenote_active":false,"_monsterinsights_sitenote_note":"","_monsterinsights_sitenote_category":0,"_uf_show_specific_survey":0,"_uf_disable_surveys":false,"footnotes":""},"class_list":["post-249357","page","type-page","status-publish","hentry"],"yoast_head":"<!-- This site is optimized with the Yoast SEO plugin v27.5 - https:\/\/yoast.com\/product\/yoast-seo-wordpress\/ -->\n<title>Code promo - r\u00e9ductions et promotions - Les Bridgets<\/title>\n<meta name=\"description\" content=\"Liste de code promo, parrainages et bons plans sur des marques que nous avons test\u00e9es et valid\u00e9es comme Fempo, Organic Basics, Wyylde...\" \/>\n<meta name=\"robots\" content=\"index, follow, max-snippet:-1, max-image-preview:large, max-video-preview:-1\" \/>\n<link rel=\"canonical\" href=\"https:\/\/www.lesbridgets.com\/index.php\/code-promo-reductions-et-promotions-pour-des-marques-que-nous-aimons\" \/>\n<meta property=\"og:locale\" content=\"fr_FR\" \/>\n<meta property=\"og:type\" content=\"article\" \/>\n<meta property=\"og:title\" content=\"Code promo - r\u00e9ductions et promotions - Les Bridgets\" \/>\n<meta property=\"og:description\" content=\"Liste de code promo, parrainages et bons plans sur des marques que nous avons test\u00e9es et valid\u00e9es comme Fempo, Organic Basics, Wyylde...\" \/>\n<meta property=\"og:url\" content=\"https:\/\/www.lesbridgets.com\/index.php\/code-promo-reductions-et-promotions-pour-des-marques-que-nous-aimons\" \/>\n<meta property=\"og:site_name\" content=\"Les Bridgets\" \/>\n<meta property=\"article:publisher\" content=\"https:\/\/www.facebook.com\/Les.Bridgets\" \/>\n<meta property=\"article:modified_time\" content=\"2023-11-27T11:24:35+00:00\" \/>\n<meta property=\"og:image\" content=\"https:\/\/www.lesbridgets.com\/wp-content\/uploads\/2020\/01\/code-promo-mina-storm.png\" \/>\n<meta name=\"twitter:card\" content=\"summary_large_image\" \/>\n<meta name=\"twitter:site\" content=\"@les_bridgets\" \/>\n<meta name=\"twitter:label1\" content=\"Dur\u00e9e de lecture estim\u00e9e\" \/>\n\t<meta name=\"twitter:data1\" content=\"2 minutes\" \/>\n<script type=\"application\/ld+json\" class=\"yoast-schema-graph\">{\"@context\":\"https:\\\/\\\/schema.org\",\"@graph\":[{\"@type\":\"WebPage\",\"@id\":\"https:\\\/\\\/www.lesbridgets.com\\\/index.php\\\/code-promo-reductions-et-promotions-pour-des-marques-que-nous-aimons\",\"url\":\"https:\\\/\\\/www.lesbridgets.com\\\/index.php\\\/code-promo-reductions-et-promotions-pour-des-marques-que-nous-aimons\",\"name\":\"Code promo - r\u00e9ductions et promotions - Les Bridgets\",\"isPartOf\":{\"@id\":\"https:\\\/\\\/www.lesbridgets.com\\\/#website\"},\"primaryImageOfPage\":{\"@id\":\"https:\\\/\\\/www.lesbridgets.com\\\/index.php\\\/code-promo-reductions-et-promotions-pour-des-marques-que-nous-aimons#primaryimage\"},\"image\":{\"@id\":\"https:\\\/\\\/www.lesbridgets.com\\\/index.php\\\/code-promo-reductions-et-promotions-pour-des-marques-que-nous-aimons#primaryimage\"},\"thumbnailUrl\":\"https:\\\/\\\/www.lesbridgets.com\\\/wp-content\\\/uploads\\\/2020\\\/01\\\/code-promo-mina-storm.png\",\"datePublished\":\"2019-11-22T13:49:38+00:00\",\"dateModified\":\"2023-11-27T11:24:35+00:00\",\"description\":\"Liste de code promo, parrainages et bons plans sur des marques que nous avons test\u00e9es et valid\u00e9es comme Fempo, Organic Basics, Wyylde...\",\"breadcrumb\":{\"@id\":\"https:\\\/\\\/www.lesbridgets.com\\\/index.php\\\/code-promo-reductions-et-promotions-pour-des-marques-que-nous-aimons#breadcrumb\"},\"inLanguage\":\"fr-FR\",\"potentialAction\":[{\"@type\":\"ReadAction\",\"target\":[\"https:\\\/\\\/www.lesbridgets.com\\\/index.php\\\/code-promo-reductions-et-promotions-pour-des-marques-que-nous-aimons\"]}]},{\"@type\":\"ImageObject\",\"inLanguage\":\"fr-FR\",\"@id\":\"https:\\\/\\\/www.lesbridgets.com\\\/index.php\\\/code-promo-reductions-et-promotions-pour-des-marques-que-nous-aimons#primaryimage\",\"url\":\"https:\\\/\\\/www.lesbridgets.com\\\/wp-content\\\/uploads\\\/2020\\\/01\\\/code-promo-mina-storm.png\",\"contentUrl\":\"https:\\\/\\\/www.lesbridgets.com\\\/wp-content\\\/uploads\\\/2020\\\/01\\\/code-promo-mina-storm.png\"},{\"@type\":\"BreadcrumbList\",\"@id\":\"https:\\\/\\\/www.lesbridgets.com\\\/index.php\\\/code-promo-reductions-et-promotions-pour-des-marques-que-nous-aimons#breadcrumb\",\"itemListElement\":[{\"@type\":\"ListItem\",\"position\":1,\"name\":\"Les Bridgets\",\"item\":\"https:\\\/\\\/www.lesbridgets.com\\\/\"},{\"@type\":\"ListItem\",\"position\":2,\"name\":\"Code promo &#8211; r\u00e9ductions et promotions\"}]},{\"@type\":\"WebSite\",\"@id\":\"https:\\\/\\\/www.lesbridgets.com\\\/#website\",\"url\":\"https:\\\/\\\/www.lesbridgets.com\\\/\",\"name\":\"Les Bridgets\",\"description\":\"R\u00e9f\u00e9rences et r\u00e9flexions sur nos relations\",\"publisher\":{\"@id\":\"https:\\\/\\\/www.lesbridgets.com\\\/#organization\"},\"potentialAction\":[{\"@type\":\"SearchAction\",\"target\":{\"@type\":\"EntryPoint\",\"urlTemplate\":\"https:\\\/\\\/www.lesbridgets.com\\\/?s={search_term_string}\"},\"query-input\":{\"@type\":\"PropertyValueSpecification\",\"valueRequired\":true,\"valueName\":\"search_term_string\"}}],\"inLanguage\":\"fr-FR\"},{\"@type\":\"Organization\",\"@id\":\"https:\\\/\\\/www.lesbridgets.com\\\/#organization\",\"name\":\"Les Bridgets\",\"url\":\"https:\\\/\\\/www.lesbridgets.com\\\/\",\"logo\":{\"@type\":\"ImageObject\",\"inLanguage\":\"fr-FR\",\"@id\":\"https:\\\/\\\/www.lesbridgets.com\\\/#\\\/schema\\\/logo\\\/image\\\/\",\"url\":\"https:\\\/\\\/www.lesbridgets.com\\\/wp-content\\\/uploads\\\/2022\\\/07\\\/cropped-logo-3-lesbridgets.png\",\"contentUrl\":\"https:\\\/\\\/www.lesbridgets.com\\\/wp-content\\\/uploads\\\/2022\\\/07\\\/cropped-logo-3-lesbridgets.png\",\"width\":251,\"height\":59,\"caption\":\"Les Bridgets\"},\"image\":{\"@id\":\"https:\\\/\\\/www.lesbridgets.com\\\/#\\\/schema\\\/logo\\\/image\\\/\"},\"sameAs\":[\"https:\\\/\\\/www.facebook.com\\\/Les.Bridgets\",\"https:\\\/\\\/x.com\\\/les_bridgets\"]}]}<\/script>\n<!-- \/ Yoast SEO plugin. -->","yoast_head_json":{"title":"Code promo - r\u00e9ductions et promotions - Les Bridgets","description":"Liste de code promo, parrainages et bons plans sur des marques que nous avons test\u00e9es et valid\u00e9es comme Fempo, Organic Basics, Wyylde...","robots":{"index":"index","follow":"follow","max-snippet":"max-snippet:-1","max-image-preview":"max-image-preview:large","max-video-preview":"max-video-preview:-1"},"canonical":"https:\/\/www.lesbridgets.com\/index.php\/code-promo-reductions-et-promotions-pour-des-marques-que-nous-aimons","og_locale":"fr_FR","og_type":"article","og_title":"Code promo - r\u00e9ductions et promotions - Les Bridgets","og_description":"Liste de code promo, parrainages et bons plans sur des marques que nous avons test\u00e9es et valid\u00e9es comme Fempo, Organic Basics, Wyylde...","og_url":"https:\/\/www.lesbridgets.com\/index.php\/code-promo-reductions-et-promotions-pour-des-marques-que-nous-aimons","og_site_name":"Les Bridgets","article_publisher":"https:\/\/www.facebook.com\/Les.Bridgets","article_modified_time":"2023-11-27T11:24:35+00:00","og_image":[{"url":"https:\/\/www.lesbridgets.com\/wp-content\/uploads\/2020\/01\/code-promo-mina-storm.png","type":"","width":"","height":""}],"twitter_card":"summary_large_image","twitter_site":"@les_bridgets","twitter_misc":{"Dur\u00e9e de lecture estim\u00e9e":"2 minutes"},"schema":{"@context":"https:\/\/schema.org","@graph":[{"@type":"WebPage","@id":"https:\/\/www.lesbridgets.com\/index.php\/code-promo-reductions-et-promotions-pour-des-marques-que-nous-aimons","url":"https:\/\/www.lesbridgets.com\/index.php\/code-promo-reductions-et-promotions-pour-des-marques-que-nous-aimons","name":"Code promo - r\u00e9ductions et promotions - Les Bridgets","isPartOf":{"@id":"https:\/\/www.lesbridgets.com\/#website"},"primaryImageOfPage":{"@id":"https:\/\/www.lesbridgets.com\/index.php\/code-promo-reductions-et-promotions-pour-des-marques-que-nous-aimons#primaryimage"},"image":{"@id":"https:\/\/www.lesbridgets.com\/index.php\/code-promo-reductions-et-promotions-pour-des-marques-que-nous-aimons#primaryimage"},"thumbnailUrl":"https:\/\/www.lesbridgets.com\/wp-content\/uploads\/2020\/01\/code-promo-mina-storm.png","datePublished":"2019-11-22T13:49:38+00:00","dateModified":"2023-11-27T11:24:35+00:00","description":"Liste de code promo, parrainages et bons plans sur des marques que nous avons test\u00e9es et valid\u00e9es comme Fempo, Organic Basics, Wyylde...","breadcrumb":{"@id":"https:\/\/www.lesbridgets.com\/index.php\/code-promo-reductions-et-promotions-pour-des-marques-que-nous-aimons#breadcrumb"},"inLanguage":"fr-FR","potentialAction":[{"@type":"ReadAction","target":["https:\/\/www.lesbridgets.com\/index.php\/code-promo-reductions-et-promotions-pour-des-marques-que-nous-aimons"]}]},{"@type":"ImageObject","inLanguage":"fr-FR","@id":"https:\/\/www.lesbridgets.com\/index.php\/code-promo-reductions-et-promotions-pour-des-marques-que-nous-aimons#primaryimage","url":"https:\/\/www.lesbridgets.com\/wp-content\/uploads\/2020\/01\/code-promo-mina-storm.png","contentUrl":"https:\/\/www.lesbridgets.com\/wp-content\/uploads\/2020\/01\/code-promo-mina-storm.png"},{"@type":"BreadcrumbList","@id":"https:\/\/www.lesbridgets.com\/index.php\/code-promo-reductions-et-promotions-pour-des-marques-que-nous-aimons#breadcrumb","itemListElement":[{"@type":"ListItem","position":1,"name":"Les Bridgets","item":"https:\/\/www.lesbridgets.com\/"},{"@type":"ListItem","position":2,"name":"Code promo &#8211; r\u00e9ductions et promotions"}]},{"@type":"WebSite","@id":"https:\/\/www.lesbridgets.com\/#website","url":"https:\/\/www.lesbridgets.com\/","name":"Les Bridgets","description":"R\u00e9f\u00e9rences et r\u00e9flexions sur nos relations","publisher":{"@id":"https:\/\/www.lesbridgets.com\/#organization"},"potentialAction":[{"@type":"SearchAction","target":{"@type":"EntryPoint","urlTemplate":"https:\/\/www.lesbridgets.com\/?s={search_term_string}"},"query-input":{"@type":"PropertyValueSpecification","valueRequired":true,"valueName":"search_term_string"}}],"inLanguage":"fr-FR"},{"@type":"Organization","@id":"https:\/\/www.lesbridgets.com\/#organization","name":"Les Bridgets","url":"https:\/\/www.lesbridgets.com\/","logo":{"@type":"ImageObject","inLanguage":"fr-FR","@id":"https:\/\/www.lesbridgets.com\/#\/schema\/logo\/image\/","url":"https:\/\/www.lesbridgets.com\/wp-content\/uploads\/2022\/07\/cropped-logo-3-lesbridgets.png","contentUrl":"https:\/\/www.lesbridgets.com\/wp-content\/uploads\/2022\/07\/cropped-logo-3-lesbridgets.png","width":251,"height":59,"caption":"Les Bridgets"},"image":{"@id":"https:\/\/www.lesbridgets.com\/#\/schema\/logo\/image\/"},"sameAs":["https:\/\/www.facebook.com\/Les.Bridgets","https:\/\/x.com\/les_bridgets"]}]}},"_links":{"self":[{"href":"https:\/\/www.lesbridgets.com\/index.php\/wp-json\/wp\/v2\/pages\/249357","targetHints":{"allow":["GET"]}}],"collection":[{"href":"https:\/\/www.lesbridgets.com\/index.php\/wp-json\/wp\/v2\/pages"}],"about":[{"href":"https:\/\/www.lesbridgets.com\/index.php\/wp-json\/wp\/v2\/types\/page"}],"author":[{"embeddable":true,"href":"https:\/\/www.lesbridgets.com\/index.php\/wp-json\/wp\/v2\/users\/2"}],"replies":[{"embeddable":true,"href":"https:\/\/www.lesbridgets.com\/index.php\/wp-json\/wp\/v2\/comments?post=249357"}],"version-history":[{"count":48,"href":"https:\/\/www.lesbridgets.com\/index.php\/wp-json\/wp\/v2\/pages\/249357\/revisions"}],"predecessor-version":[{"id":256670,"href":"https:\/\/www.lesbridgets.com\/index.php\/wp-json\/wp\/v2\/pages\/249357\/revisions\/256670"}],"wp:attachment":[{"href":"https:\/\/www.lesbridgets.com\/index.php\/wp-json\/wp\/v2\/media?parent=249357"}],"curies":[{"name":"wp","href":"https:\/\/api.w.org\/{rel}","templated":true}]}}