{"id":231792,"date":"2017-08-10T22:24:35","date_gmt":"2017-08-10T20:24:35","guid":{"rendered":"http:\/\/lesbridg.cluster015.ovh.net\/wordpress\/?page_id=231792"},"modified":"2025-04-24T20:54:54","modified_gmt":"2025-04-24T18:54:54","slug":"edito-html","status":"publish","type":"page","link":"https:\/\/www.lesbridgets.com\/index.php\/edito-html","title":{"rendered":"Edito"},"content":{"rendered":"<h2><strong>Mais pourquoi lesbridgets.com?<\/strong><\/h2>\n<p>Comme beaucoup vous l&rsquo;aurez remarqu\u00e9 ce nom fait r\u00e9f\u00e9rence \u00e0 la c\u00e9l\u00e8bre h\u00e9roine <a href=\"https:\/\/www.lesbridgets.com\/index.php\/Bibliographie-livres-chicken-Litterature...\/Le-journal-de-Bridget-Jones-10-ans-deja.html\" target=\"_blank\" rel=\"noopener noreferrer\">Bridget Jones<\/a> :<br \/>\nUne trentenaire tr\u00e8s caricatur\u00e9e dans son r\u00f4le mais qui n&rsquo;est pourtant pas si loin de toutes nanas ayant connues le c\u00e9libat. Et dieu sait qu&rsquo;elles sont nombreuses.<\/p>\n<p>Une Bridget c&rsquo;est une nana d&rsquo;aujourd&rsquo;hui avec ses doutes, ses envies et qui a un besoin fou de comprendre pourquoi c&rsquo;est pas comme dans les contes de f\u00e9e ?<br \/>\nPourquoi on ne trouve pas de mec ou bien pourquoi une fois qu&rsquo;on l&rsquo;a trouv\u00e9 il ne correspond pas tout \u00e0 fait \u00e0 notre r\u00eave d&rsquo;adolescente.<\/p>\n<h2><strong>A quoi sert les Bridgets ?<\/strong><\/h2>\n<p>C&rsquo;est avant tout une r\u00e9ponse \u00e0 un probl\u00e8me, qui touche notre soci\u00e9t\u00e9, essayer tant bien que mal de vivre en couple.<\/p>\n<p>En 2005, apr\u00e8s plusieurs recherches effectu\u00e9es sur internet aucun site ne r\u00e9pondait vraiment \u00e0 cela. Certes des livres, des films, des t\u00e9moignages mais rien de centr\u00e9 uniquement sur ce sujet.<\/p>\n<p><strong>lesbridgets.com<\/strong>\u00a0r\u00e9unissent informations, exp\u00e9riences pour partager des conseils.<\/p>\n<p>Le but est de comprendre car faute de bien se conna\u00eetre, et de nous respecter mutuellement, nous finissons par trop souvent nous s\u00e9parer.<br \/>\nAlors pour ne pas laisser l&rsquo;homme de votre vie ou celui avec qui nous allons faire un long bout de chemin s&rsquo;\u00e9chapper par faute de ne pas avoir essayer de le comprendre, les Bridgets sont l\u00e0.<\/p>\n<p>Donc que vous soyez une femme \u00e0 la recherche d&rsquo;informations sur les hommes, ou un homme qui se demande , \u00ab\u00a0comment aimer\u00a0\u00bb ,\u00a0\u00bbcombler\u00a0\u00bb ou \u00ab\u00a0vivre avec une femme\u00a0\u00bb, nous allons essayer ensemble de trouver des solutions.<br \/>\nCar c&rsquo;est en comprenant nos diff\u00e9rences, que nous les accepterons.<\/p>\n<p><strong>Depuis sa mise en ligne en octobre 2005<\/strong>, le site a \u00e9norm\u00e9ment \u00e9voluer pour donner toujours plus de services et d&rsquo;informations.<\/p>\n<p style=\"text-align: left;\">Son sujet principal reste les relations homme &#8211; femmes mais parfois d\u00e9passe ce th\u00e8me pour mieux y revenir.<\/p>\n<p style=\"text-align: center;\"><iframe loading=\"lazy\" src=\"https:\/\/www.youtube.com\/embed\/GqrvY3H7tBw\" width=\"560\" height=\"315\" frameborder=\"0\" allowfullscreen=\"allowfullscreen\"><\/iframe><\/p>\n<h2><strong>La publicit\u00e9 sur le site<\/strong><\/h2>\n<p>Nous avons install\u00e9 des pubs, tout d&rsquo;abord pour financer l&rsquo;h\u00e9bergement et le nom de domaine du site ainsi que son d\u00e9veloppement.<\/p>\n<p>Il se peut qu&rsquo;en parcourant les articles vous tombiez sur 1 ou 2 articles sponsoris\u00e9s, c&rsquo;est \u00e0 dire que l&rsquo;on nous r\u00e9mun\u00e8re pour \u00e9crire un article sur un produit, une marque, un \u00e9v\u00e8nement qui peut vous int\u00e9resser.<br \/>\nA chaque fois nous le pr\u00e9cisons en d\u00e9but d&rsquo;article si il est sponsoris\u00e9 mais soyez-en le contenu de l&rsquo;article est enti\u00e8rement r\u00e9dig\u00e9 par nos soins.<\/p>\n<p>Pour en savoir un peu plus sur la responsable du site et le site en g\u00e9n\u00e9ral voir <a href=\"https:\/\/www.lesbridgets.com\/index.php\/presse\" target=\"_blank\" rel=\"noopener noreferrer\">la page dans les m\u00e9dias<\/a>.<\/p>\n<p>Vous pouvez nous suivre sur les r\u00e9seaux suivant :<\/p>\n<p><a href=\"http:\/\/www.facebook.com\/Les.bridgets\" target=\"_blank\" rel=\"noopener noreferrer\">Facebook<\/a><a href=\"https:\/\/x.com\/Les_Bridgets\" target=\"_blank\" rel=\"noopener noreferrer\"><br \/>\n<\/a><a href=\"https:\/\/www.instagram.com\/les_bridgets\/\" target=\"_blank\" rel=\"nofollow noopener noreferrer\">Instagram<\/a><br \/>\n<a href=\"http:\/\/pinterest.com\/lesbridgets\/\" target=\"_blank\" rel=\"noopener noreferrer\">Pinterest<\/a><\/p>\n","protected":false},"excerpt":{"rendered":"<p>Mais pourquoi lesbridgets.com? Comme beaucoup vous l&rsquo;aurez remarqu\u00e9 ce nom fait r\u00e9f\u00e9rence \u00e0 la c\u00e9l\u00e8bre h\u00e9roine Bridget Jones : Une trentenaire tr\u00e8s caricatur\u00e9e dans son&hellip; <\/p>\n","protected":false},"author":1,"featured_media":0,"parent":0,"menu_order":0,"comment_status":"closed","ping_status":"closed","template":"","meta":{"_bbp_topic_count":0,"_bbp_reply_count":0,"_bbp_total_topic_count":0,"_bbp_total_reply_count":0,"_bbp_voice_count":0,"_bbp_anonymous_reply_count":0,"_bbp_topic_count_hidden":0,"_bbp_reply_count_hidden":0,"_bbp_forum_subforum_count":0,"om_disable_all_campaigns":false,"_lmt_disableupdate":"no","_lmt_disable":"no","_monsterinsights_skip_tracking":false,"_monsterinsights_sitenote_active":false,"_monsterinsights_sitenote_note":"","_monsterinsights_sitenote_category":0,"_uf_show_specific_survey":0,"_uf_disable_surveys":false,"footnotes":""},"class_list":["post-231792","page","type-page","status-publish","hentry"],"yoast_head":"<!-- This site is optimized with the Yoast SEO plugin v27.3 - https:\/\/yoast.com\/product\/yoast-seo-wordpress\/ -->\n<title>Edito - Les Bridgets<\/title>\n<meta name=\"description\" content=\"Qu&#039;est-ce que le site LesBridgets.com et depuis quand existe t-il ? A quoi sert les Bridgets ? Comment nous suivre et nous contacter ?\" \/>\n<meta name=\"robots\" content=\"index, follow, max-snippet:-1, max-image-preview:large, max-video-preview:-1\" \/>\n<link rel=\"canonical\" href=\"https:\/\/www.lesbridgets.com\/index.php\/edito-html\" \/>\n<meta property=\"og:locale\" content=\"fr_FR\" \/>\n<meta property=\"og:type\" content=\"article\" \/>\n<meta property=\"og:title\" content=\"Edito - Les Bridgets\" \/>\n<meta property=\"og:description\" content=\"Qu&#039;est-ce que le site LesBridgets.com et depuis quand existe t-il ? A quoi sert les Bridgets ? Comment nous suivre et nous contacter ?\" \/>\n<meta property=\"og:url\" content=\"https:\/\/www.lesbridgets.com\/index.php\/edito-html\" \/>\n<meta property=\"og:site_name\" content=\"Les Bridgets\" \/>\n<meta property=\"article:publisher\" content=\"https:\/\/www.facebook.com\/Les.Bridgets\" \/>\n<meta property=\"article:modified_time\" content=\"2025-04-24T18:54:54+00:00\" \/>\n<meta name=\"twitter:card\" content=\"summary_large_image\" \/>\n<meta name=\"twitter:site\" content=\"@les_bridgets\" \/>\n<meta name=\"twitter:label1\" content=\"Dur\u00e9e de lecture estim\u00e9e\" \/>\n\t<meta name=\"twitter:data1\" content=\"3 minutes\" \/>\n<script type=\"application\/ld+json\" class=\"yoast-schema-graph\">{\"@context\":\"https:\\\/\\\/schema.org\",\"@graph\":[{\"@type\":\"WebPage\",\"@id\":\"https:\\\/\\\/www.lesbridgets.com\\\/index.php\\\/edito-html\",\"url\":\"https:\\\/\\\/www.lesbridgets.com\\\/index.php\\\/edito-html\",\"name\":\"Edito - Les Bridgets\",\"isPartOf\":{\"@id\":\"https:\\\/\\\/www.lesbridgets.com\\\/#website\"},\"datePublished\":\"2017-08-10T20:24:35+00:00\",\"dateModified\":\"2025-04-24T18:54:54+00:00\",\"description\":\"Qu'est-ce que le site LesBridgets.com et depuis quand existe t-il ? A quoi sert les Bridgets ? Comment nous suivre et nous contacter ?\",\"breadcrumb\":{\"@id\":\"https:\\\/\\\/www.lesbridgets.com\\\/index.php\\\/edito-html#breadcrumb\"},\"inLanguage\":\"fr-FR\",\"potentialAction\":[{\"@type\":\"ReadAction\",\"target\":[\"https:\\\/\\\/www.lesbridgets.com\\\/index.php\\\/edito-html\"]}]},{\"@type\":\"BreadcrumbList\",\"@id\":\"https:\\\/\\\/www.lesbridgets.com\\\/index.php\\\/edito-html#breadcrumb\",\"itemListElement\":[{\"@type\":\"ListItem\",\"position\":1,\"name\":\"Les Bridgets\",\"item\":\"https:\\\/\\\/www.lesbridgets.com\\\/\"},{\"@type\":\"ListItem\",\"position\":2,\"name\":\"Edito\"}]},{\"@type\":\"WebSite\",\"@id\":\"https:\\\/\\\/www.lesbridgets.com\\\/#website\",\"url\":\"https:\\\/\\\/www.lesbridgets.com\\\/\",\"name\":\"Les Bridgets\",\"description\":\"R\u00e9f\u00e9rences et r\u00e9flexions sur nos relations\",\"publisher\":{\"@id\":\"https:\\\/\\\/www.lesbridgets.com\\\/#organization\"},\"potentialAction\":[{\"@type\":\"SearchAction\",\"target\":{\"@type\":\"EntryPoint\",\"urlTemplate\":\"https:\\\/\\\/www.lesbridgets.com\\\/?s={search_term_string}\"},\"query-input\":{\"@type\":\"PropertyValueSpecification\",\"valueRequired\":true,\"valueName\":\"search_term_string\"}}],\"inLanguage\":\"fr-FR\"},{\"@type\":\"Organization\",\"@id\":\"https:\\\/\\\/www.lesbridgets.com\\\/#organization\",\"name\":\"Les Bridgets\",\"url\":\"https:\\\/\\\/www.lesbridgets.com\\\/\",\"logo\":{\"@type\":\"ImageObject\",\"inLanguage\":\"fr-FR\",\"@id\":\"https:\\\/\\\/www.lesbridgets.com\\\/#\\\/schema\\\/logo\\\/image\\\/\",\"url\":\"https:\\\/\\\/www.lesbridgets.com\\\/wp-content\\\/uploads\\\/2022\\\/07\\\/cropped-logo-3-lesbridgets.png\",\"contentUrl\":\"https:\\\/\\\/www.lesbridgets.com\\\/wp-content\\\/uploads\\\/2022\\\/07\\\/cropped-logo-3-lesbridgets.png\",\"width\":251,\"height\":59,\"caption\":\"Les Bridgets\"},\"image\":{\"@id\":\"https:\\\/\\\/www.lesbridgets.com\\\/#\\\/schema\\\/logo\\\/image\\\/\"},\"sameAs\":[\"https:\\\/\\\/www.facebook.com\\\/Les.Bridgets\",\"https:\\\/\\\/x.com\\\/les_bridgets\"]}]}<\/script>\n<!-- \/ Yoast SEO plugin. -->","yoast_head_json":{"title":"Edito - Les Bridgets","description":"Qu'est-ce que le site LesBridgets.com et depuis quand existe t-il ? A quoi sert les Bridgets ? Comment nous suivre et nous contacter ?","robots":{"index":"index","follow":"follow","max-snippet":"max-snippet:-1","max-image-preview":"max-image-preview:large","max-video-preview":"max-video-preview:-1"},"canonical":"https:\/\/www.lesbridgets.com\/index.php\/edito-html","og_locale":"fr_FR","og_type":"article","og_title":"Edito - Les Bridgets","og_description":"Qu'est-ce que le site LesBridgets.com et depuis quand existe t-il ? A quoi sert les Bridgets ? Comment nous suivre et nous contacter ?","og_url":"https:\/\/www.lesbridgets.com\/index.php\/edito-html","og_site_name":"Les Bridgets","article_publisher":"https:\/\/www.facebook.com\/Les.Bridgets","article_modified_time":"2025-04-24T18:54:54+00:00","twitter_card":"summary_large_image","twitter_site":"@les_bridgets","twitter_misc":{"Dur\u00e9e de lecture estim\u00e9e":"3 minutes"},"schema":{"@context":"https:\/\/schema.org","@graph":[{"@type":"WebPage","@id":"https:\/\/www.lesbridgets.com\/index.php\/edito-html","url":"https:\/\/www.lesbridgets.com\/index.php\/edito-html","name":"Edito - Les Bridgets","isPartOf":{"@id":"https:\/\/www.lesbridgets.com\/#website"},"datePublished":"2017-08-10T20:24:35+00:00","dateModified":"2025-04-24T18:54:54+00:00","description":"Qu'est-ce que le site LesBridgets.com et depuis quand existe t-il ? A quoi sert les Bridgets ? Comment nous suivre et nous contacter ?","breadcrumb":{"@id":"https:\/\/www.lesbridgets.com\/index.php\/edito-html#breadcrumb"},"inLanguage":"fr-FR","potentialAction":[{"@type":"ReadAction","target":["https:\/\/www.lesbridgets.com\/index.php\/edito-html"]}]},{"@type":"BreadcrumbList","@id":"https:\/\/www.lesbridgets.com\/index.php\/edito-html#breadcrumb","itemListElement":[{"@type":"ListItem","position":1,"name":"Les Bridgets","item":"https:\/\/www.lesbridgets.com\/"},{"@type":"ListItem","position":2,"name":"Edito"}]},{"@type":"WebSite","@id":"https:\/\/www.lesbridgets.com\/#website","url":"https:\/\/www.lesbridgets.com\/","name":"Les Bridgets","description":"R\u00e9f\u00e9rences et r\u00e9flexions sur nos relations","publisher":{"@id":"https:\/\/www.lesbridgets.com\/#organization"},"potentialAction":[{"@type":"SearchAction","target":{"@type":"EntryPoint","urlTemplate":"https:\/\/www.lesbridgets.com\/?s={search_term_string}"},"query-input":{"@type":"PropertyValueSpecification","valueRequired":true,"valueName":"search_term_string"}}],"inLanguage":"fr-FR"},{"@type":"Organization","@id":"https:\/\/www.lesbridgets.com\/#organization","name":"Les Bridgets","url":"https:\/\/www.lesbridgets.com\/","logo":{"@type":"ImageObject","inLanguage":"fr-FR","@id":"https:\/\/www.lesbridgets.com\/#\/schema\/logo\/image\/","url":"https:\/\/www.lesbridgets.com\/wp-content\/uploads\/2022\/07\/cropped-logo-3-lesbridgets.png","contentUrl":"https:\/\/www.lesbridgets.com\/wp-content\/uploads\/2022\/07\/cropped-logo-3-lesbridgets.png","width":251,"height":59,"caption":"Les Bridgets"},"image":{"@id":"https:\/\/www.lesbridgets.com\/#\/schema\/logo\/image\/"},"sameAs":["https:\/\/www.facebook.com\/Les.Bridgets","https:\/\/x.com\/les_bridgets"]}]}},"_links":{"self":[{"href":"https:\/\/www.lesbridgets.com\/index.php\/wp-json\/wp\/v2\/pages\/231792","targetHints":{"allow":["GET"]}}],"collection":[{"href":"https:\/\/www.lesbridgets.com\/index.php\/wp-json\/wp\/v2\/pages"}],"about":[{"href":"https:\/\/www.lesbridgets.com\/index.php\/wp-json\/wp\/v2\/types\/page"}],"author":[{"embeddable":true,"href":"https:\/\/www.lesbridgets.com\/index.php\/wp-json\/wp\/v2\/users\/1"}],"replies":[{"embeddable":true,"href":"https:\/\/www.lesbridgets.com\/index.php\/wp-json\/wp\/v2\/comments?post=231792"}],"version-history":[{"count":9,"href":"https:\/\/www.lesbridgets.com\/index.php\/wp-json\/wp\/v2\/pages\/231792\/revisions"}],"predecessor-version":[{"id":257972,"href":"https:\/\/www.lesbridgets.com\/index.php\/wp-json\/wp\/v2\/pages\/231792\/revisions\/257972"}],"wp:attachment":[{"href":"https:\/\/www.lesbridgets.com\/index.php\/wp-json\/wp\/v2\/media?parent=231792"}],"curies":[{"name":"wp","href":"https:\/\/api.w.org\/{rel}","templated":true}]}}